{"id":3124,"date":"2020-12-15T16:55:49","date_gmt":"2020-12-15T15:55:49","guid":{"rendered":"https:\/\/www.co-plan.org\/?page_id=3124"},"modified":"2022-02-08T10:46:50","modified_gmt":"2022-02-08T09:46:50","slug":"2020-2","status":"publish","type":"page","link":"https:\/\/www.co-plan.org\/en\/2020-2\/","title":{"rendered":"2020"},"content":{"rendered":"<h3>Journal of Western Balkan Network on Territorial Governance (TG-WeB)<\/h3>\n<h5 style=\"text-align: justify;\">Annual Review of Territorial Governance in the Western Balkans is a periodical publication with select policy briefs on matters related to territorial governance, sketching the present situation, the Europeanisation process, the policy and the research and development agenda for the near future. The publication targets policy-makers and policy-influencing actors.<\/h5>\n<ol>\n<li><a href=\"https:\/\/www.co-plan.org\/en\/english-ediorial-adaptive-territorial-governance-in-the-face-of-covid-19\/\" target=\"_blank\" rel=\"noopener noreferrer\">Ediorial: Adaptive Territorial Governance in the Face of COVID-19<\/a><br \/>\n<em>Giancarlo Cotella<\/em><\/li>\n<li><a href=\"https:\/\/www.co-plan.org\/policy-debate-government-and-governance-on-the-western-balkans\/\" target=\"_blank\" rel=\"noopener noreferrer\">Policy Debate: Government and Governance on the Western Balkans\u00a0<\/a><br \/>\n<em>Andreas Faludi<\/em><\/li>\n<li><a href=\"https:\/\/www.co-plan.org\/tourism-development-in-the-western-balkans-towards-a-common-policy\/\" target=\"_blank\" rel=\"noopener noreferrer\">Tourism Development in the Western Balkans: Towards a Common Policy<\/a><br \/>\n<em>Enrico Porfido<\/em><\/li>\n<li><a href=\"https:\/\/www.co-plan.org\/tourism-in-transition-the-post-covid-19-aftermath-in-the-western-balkans-2\/\" target=\"_blank\" rel=\"noopener noreferrer\">Tourism in Transition, the Post COVID-19 Aftermath in the Western Balkans<\/a><br \/>\n<em>Peter Nientied, Dritan Shutina<\/em><\/li>\n<li><a href=\"https:\/\/www.co-plan.org\/universities-and-socio-cultural-institutions-in-highly-uncertain-contexts-challenges-and-opportunities-during-covid-19-in-three-western-balkan-countries\/\" target=\"_blank\" rel=\"noopener noreferrer\">Universities and Socio-cultural Institutions in Highly Uncertain Contexts: Challenges and Opportunities during COVID-19 in three Western Balkan Countries<\/a><br \/>\n<em>Ledio Allkja, Esmerina Hidri<\/em><\/li>\n<li><a href=\"https:\/\/www.co-plan.org\/municipal-finances-in-the-covid-19-context-the-case-of-gazi-baba-and-shkoder-municipalities\/\" target=\"_blank\" rel=\"noopener noreferrer\">Municipal Finances in the COVID-19 Context: The Case of Gazi Baba and Shkod\u00ebr Municipalities<\/a><br \/>\n<em>Merita Toska, Marjan Nikolov, Vesna Garvanlieva Andonova, Sasho Trajkov<\/em><\/li>\n<li><a href=\"https:\/\/www.co-plan.org\/socio-economic-effects-of-covid-19-in-bulgaria-a-spatial-analysis\/\" target=\"_blank\" rel=\"noopener noreferrer\">Socio-economic Effects of COVID-19 in Bulgaria: A Spatial Analysis<\/a><br \/>\n<em>Hristo Dokov, Kalina Milkova, Ivaylo Stamenkov<\/em><\/li>\n<li><a href=\"https:\/\/www.co-plan.org\/transboundary-water-management-in-the-western-balkans-challenges-of-the-land-water-nexus-in-the-drin-river-basin\/\" target=\"_blank\" rel=\"noopener noreferrer\">Transboundary Water Management in the Western Balkans: Challenges of the Land-Water Nexus in the Drin River Basin<\/a><br \/>\n<em>Francesca Vanelli, Besmira Dyca, Paul Rab\u00e9<\/em><\/li>\n<li><a href=\"https:\/\/www.co-plan.org\/economic-viability-of-alternatives-for-lignite-free-electricity-production-in-north-macedonia-the-case-of-ttp-oslomej\/\" target=\"_blank\" rel=\"noopener noreferrer\">Economic Viability of Alternatives for Lignite-free Electricity Production in North Macedonia: The Case of TTP Oslomej<\/a><br \/>\n<em>Vesna Garvanlieva Andonova, Marjan Nikolov<\/em><\/li>\n<li><a href=\"https:\/\/www.co-plan.org\/centrope-initiative-lessons-learned-and-inspirations-for-the-western-balkans\/\" target=\"_blank\" rel=\"noopener noreferrer\">CENTROPE Initiative \u2013 Lessons Learned and Inspirations for the Western Balkans<\/a><br \/>\n<em>Maro\u0161 Finka, Milan Hus\u00e1r, and Matej Ja\u0161\u0161o<\/em><\/li>\n<\/ol>\n<p>Read the full publication here: <a href=\"https:\/\/www.co-plan.org\/wp-content\/uploads\/2020\/12\/Annual-Review-of-Territorial-Governance-in-the-Western-Balkans-2020.pdf\" target=\"_blank\" rel=\"noopener noreferrer\">Annual Review of Territorial Governance in the Western Balkans II<\/a><\/p>\n","protected":false},"excerpt":{"rendered":"<p>Journal of Western Balkan Network on Territorial Governance (TG-WeB) Annual Review of Territorial Governance in the Western Balkans is a periodical publication with select policy briefs on matters related to territorial governance, sketching the present situation, the Europeanisation process, the policy and the research and development agenda for the near future. The publication targets policy-makers and policy-influencing actors. Ediorial: Adaptive Territorial Governance in the Face of COVID-19 Giancarlo Cotella Policy<\/p>\n<p><a class=\"more-link\" href=\"https:\/\/www.co-plan.org\/en\/2020-2\/\">Read More<\/a><\/p>\n","protected":false},"author":1,"featured_media":0,"parent":0,"menu_order":0,"comment_status":"closed","ping_status":"closed","template":"","meta":{"footnotes":""},"class_list":["post-3124","page","type-page","status-publish","hentry"],"_links":{"self":[{"href":"https:\/\/www.co-plan.org\/en\/wp-json\/wp\/v2\/pages\/3124","targetHints":{"allow":["GET"]}}],"collection":[{"href":"https:\/\/www.co-plan.org\/en\/wp-json\/wp\/v2\/pages"}],"about":[{"href":"https:\/\/www.co-plan.org\/en\/wp-json\/wp\/v2\/types\/page"}],"author":[{"embeddable":true,"href":"https:\/\/www.co-plan.org\/en\/wp-json\/wp\/v2\/users\/1"}],"replies":[{"embeddable":true,"href":"https:\/\/www.co-plan.org\/en\/wp-json\/wp\/v2\/comments?post=3124"}],"version-history":[{"count":10,"href":"https:\/\/www.co-plan.org\/en\/wp-json\/wp\/v2\/pages\/3124\/revisions"}],"predecessor-version":[{"id":3237,"href":"https:\/\/www.co-plan.org\/en\/wp-json\/wp\/v2\/pages\/3124\/revisions\/3237"}],"wp:attachment":[{"href":"https:\/\/www.co-plan.org\/en\/wp-json\/wp\/v2\/media?parent=3124"}],"curies":[{"name":"wp","href":"https:\/\/api.w.org\/{rel}","templated":true}]}}