{"id":6336,"date":"2024-03-26T14:50:11","date_gmt":"2024-03-26T13:50:11","guid":{"rendered":"https:\/\/www.co-plan.org\/?page_id=6336"},"modified":"2024-04-08T14:41:11","modified_gmt":"2024-04-08T12:41:11","slug":"2022-2","status":"publish","type":"page","link":"https:\/\/www.co-plan.org\/en\/2022-2\/","title":{"rendered":"2022"},"content":{"rendered":"<h3>Journal of Western Balkan Network on Territorial Governance (TG-WeB)<\/h3>\n<p style=\"text-align: justify;\"><strong>Annual Review of Territorial Governance in the Western Balkans is a periodical publication with select policy briefs on matters related to territorial governance, sketching the present situation, the Europeanisation process, the policy and the research and development agenda for the near future. The publication targets policy-makers and policy-influencing actors.<\/strong><\/p>\n<ol>\n<li><span lang=\"EN-GB\"><span lang=\"EN-GB\"><a href=\"https:\/\/www.co-plan.org\/wp-content\/uploads\/2024\/03\/Data-harmonisation-as-a-bottleneck-to-better-integration-in-the-Balkans.pdf\" target=\"_blank\" rel=\"noopener\">Data harmonisation as a bottleneck to better integration in the Balkans<\/a><br \/>\n<em style=\"font-size: 1rem;\">M\u00e1ty\u00e1s Jaschitz, Vikt\u00f3ria J\u00e1nosi, Oliv\u00e9r Kriska<\/em><\/span><\/span><\/li>\n<li><a href=\"https:\/\/www.co-plan.org\/wp-content\/uploads\/2024\/04\/Development-trends-in-the-Balkans.pdf\" target=\"_blank\" rel=\"noopener\">Development trends in the Balkans: How much is enough to reach the \u2018desired state\u2019 of sustainable development?<\/a><br \/>\n<em>Hristo Dokov, Aneliya Paneva<\/em><\/li>\n<li><a href=\"https:\/\/www.co-plan.org\/wp-content\/uploads\/2024\/04\/Challenges-of-urban-expansion-in-the-Skopje-region.pdf\" target=\"_blank\" rel=\"noopener\">Challenges of urban expansion in the Skopje region<\/a><br \/>\n<em><span style=\"font-size: 1rem;\">Pavel Veljanoski<\/span><span style=\"font-size: xx-small;\">,<\/span><span style=\"font-size: 1rem;\"> Blagoja Markoski<\/span><\/em><\/li>\n<\/ol>\n","protected":false},"excerpt":{"rendered":"<p>Journal of Western Balkan Network on Territorial Governance (TG-WeB) Annual Review of Territorial Governance in the Western Balkans is a periodical publication with select policy briefs on matters related to territorial governance, sketching the present situation, the Europeanisation process, the policy and the research and development agenda for the near future. The publication targets policy-makers and policy-influencing actors. Data harmonisation as a bottleneck to better integration in the Balkans M\u00e1ty\u00e1s<\/p>\n<p><a class=\"more-link\" href=\"https:\/\/www.co-plan.org\/en\/2022-2\/\">Read More<\/a><\/p>\n","protected":false},"author":4,"featured_media":0,"parent":0,"menu_order":0,"comment_status":"closed","ping_status":"closed","template":"","meta":{"footnotes":""},"class_list":["post-6336","page","type-page","status-publish","hentry"],"_links":{"self":[{"href":"https:\/\/www.co-plan.org\/en\/wp-json\/wp\/v2\/pages\/6336","targetHints":{"allow":["GET"]}}],"collection":[{"href":"https:\/\/www.co-plan.org\/en\/wp-json\/wp\/v2\/pages"}],"about":[{"href":"https:\/\/www.co-plan.org\/en\/wp-json\/wp\/v2\/types\/page"}],"author":[{"embeddable":true,"href":"https:\/\/www.co-plan.org\/en\/wp-json\/wp\/v2\/users\/4"}],"replies":[{"embeddable":true,"href":"https:\/\/www.co-plan.org\/en\/wp-json\/wp\/v2\/comments?post=6336"}],"version-history":[{"count":9,"href":"https:\/\/www.co-plan.org\/en\/wp-json\/wp\/v2\/pages\/6336\/revisions"}],"predecessor-version":[{"id":6370,"href":"https:\/\/www.co-plan.org\/en\/wp-json\/wp\/v2\/pages\/6336\/revisions\/6370"}],"wp:attachment":[{"href":"https:\/\/www.co-plan.org\/en\/wp-json\/wp\/v2\/media?parent=6336"}],"curies":[{"name":"wp","href":"https:\/\/api.w.org\/{rel}","templated":true}]}}